{"id":10,"date":"2016-09-26T11:27:27","date_gmt":"2016-09-26T09:27:27","guid":{"rendered":"http:\/\/www.goldenfamily.de\/?page_id=10"},"modified":"2016-09-26T11:27:27","modified_gmt":"2016-09-26T09:27:27","slug":"ueber-uns","status":"publish","type":"page","link":"https:\/\/goldenfamily.de\/index.php\/ueber-uns\/","title":{"rendered":"\u00dcber uns"},"content":{"rendered":"<p>Inge betreibt seit 1991 eine eigene Hundeschule. Die Angebote der Hundeschule umfassen unter anderem alltagsorientiertes Situationstraining und Ausbildung von Familienhunden zum gesellschaftsf\u00e4higen Begleithund.<br \/>\nAls Problemhundetrainerin bereist Inge alle deutschsprachigen L\u00e4nder.<br \/>\nZudem bildet sie seit drei Jahren Therapiehunde aus und begleitet sie auf ihren Eins\u00e4tzen. Geplant ist eine Weiterbildung zum Servicehundetrainer. Inge ist die Mutter von Nicholas.<\/p>\n<p>Nicholas bereitet sich zur Zeit auf einem Internat auf sein Abitur vor. In seiner Freizeit ist er unentbehrlicher Helfer bei unseren Golden Retrievern, sei es bei der Verpaarung, der Geburt oder der Aufzucht der Welpen. Ob Italien, Norwegen, oder Ungarn wenn es darum geht unseren \u201egoldigen\u201c Nachwuchs nach Hause zu holen ist Nicholas immer dabei.<\/p>\n<p>Wir freuen uns in Ralf einen tollen, flei\u00dfigen, neuen Tierpfleger gefunden zu haben.<br \/>\nEr betreut und verw\u00f6hnt unsere Hunde mit viel Liebe und Sachverstand und erm\u00f6glicht uns so ein ruhiges Arbeiten.<br \/>\nSo k\u00f6nnen wir uns darauf verlassen, dass die gro\u00dfen und kleinen M\u00e4use auch in unserer manchmal notwendigen Abwesenheit bestens versorgt sind.<\/p>\n<p>Nach einigen Umwegen und diversen Schicksalsschl\u00e4gen haben wir nun ENDLICH unser Traumhaus im Norden gefunden und bezogen. Das Warten, die finanziellen Opfer durch unsere Gutgl\u00e4ubigkeit, sie haben ein Ende und wir wurden mit unserem Traumhaus belohnt.<\/p>\n<p>N\u00e4here Informationen erhalten Sie unter <a href=\"https:\/\/www.goldenfamily.de\/In-eigener-Sache\">In eigener Sache<\/a>.<\/p>\n<p>Unsere Hunde haben es hier so sch\u00f6n. Unsere Welpen k\u00f6nnen endlich direkt vom Wohnzimmer in einen wunderbaren Garten mit Teich laufen. Ein spezieller Welpenspielpark ist auch schon in Planung. Wir leben hier mitten in der Natur, in ruhiger Alleinlage, in einem sch\u00f6nen, gro\u00dfen Haus mit wundervollem Grundst\u00fcck zwischen Lingen und Meppen in der N\u00e4he der niederl\u00e4ndischen Grenze.<\/p>\n<p><strong>Bei uns bekommen Sie Klasse statt Masse!<\/strong><br \/>\nUnsere Babies werden im Haus geboren und wachsen dort im Wohnzimmer in engstem Kontakt zu anderen Hunden, Katzen, Menschen, Behinderten und Kindern auf.<br \/>\nUnsere Welpen sind von Geburt an 24h betreut. W\u00e4hrend der ersten acht Lebenswochen werden die Kleinen 3x komplett von unseren Tier\u00e4rzten untersucht.<br \/>\nDie tier\u00e4rztliche Betreuung der Welpen beginnt schon bevor sie geboren sind.<br \/>\nAlles was wir f\u00fcr gesunden Nachwuchs tun k\u00f6nnen wird gemacht und daf\u00fcr fahren wir auch gerne mehrere hundert Kilometer, um zu den besten Tier\u00e4rzten zu kommen.<\/p>\n<p>Welpenaufzucht bedeutet Verantwortung und dessen sind wir uns bewusst.<br \/>\nUm den hohen Standard unserer selbst auferlegten Kriterien zu erf\u00fcllen und die Betreuung unserer Welpen und Althunde zu gew\u00e4hrleisten, arbeitet und wohnt unser Tierpfleger direkt bei uns im Haus.<br \/>\nUnsere Elterntiere und die Welpen werden mit Royal Canin gef\u00fcttert und gro\u00df gezogen.<br \/>\nWir m\u00f6chten gerne die neuen Besitzer unserer Welpen gut kennen lernen, bevor wir ihnen einer unserer &#8222;Kinder&#8220; anvertrauen.<\/p>\n<p>Wir bieten Transparenz in unserer Zucht, erwarten diese aber auch, soweit es Ihr zuk\u00fcnftiges Familienmitglied betrifft, von Ihnen als zuk\u00fcnftiger Besitzer einer unserer Welpen.<\/p>\n<p>Gerne zeigen wir Ihnen bei Ihrem ersten Besuch s\u00e4mtliche Untersuchungsergebnisse der Elterntiere und Sie k\u00f6nnen z.B. auch gerne einen Blick in unsere Tierarztrechnungen werfen &#8211; erz\u00e4hlen k\u00f6nnten wir ja viel.<br \/>\nWenn wir uns so ein wenig kennengelernt haben d\u00fcrfen Sie uns gerne bis zur Abgabe der Welpen mit 8,5 Wochen jedes Wochenende besuchen kommen. Sie lernen Ihr neues Familienmitglied hautnah kennen, d\u00fcrfen die Welpen streicheln, mit ihnen spielen und &#8222;Ihr Baby&#8220; beim Heranwachsen begleiten. Der Welpe lernt mit Ihnen das Abenteuer &#8211; Auto fahren &#8211; bei uns kennen ,selbstverst\u00e4ndlich nur als Beifahrer.<br \/>\nAuch nach der Abgabe stehen wir Ihnen mit Rat und Tat zur Seite.<\/p>\n<p>Bevor einer unserer Golden Retriever in die Zucht geht, wird er auf HD, und ED untersucht. Die erste Auswertung der R\u00f6ntgenbilder wird von einer renommierten Tierarztpraxis in Deutschland vorgenommen. Danach werden die Bilder nach England geschickt und dort noch einmal nach BVA ausgewertet, von Tier\u00e4rzten, die uns und unsere Zucht definitiv nicht kennen und sehr erfahrene Experten sind, da sie hunderte von R\u00f6ntgenbildern auswerten. Die englische Auswertung nach BVA ist international anerkannt.<\/p>\n<p>Ebenso lassen wir unsere Hunde auf vererbliche, f\u00fcr den Golden Retriever typische, Augenkrankheiten von einem Spezialisten untersuchen.<\/p>\n<p>Bei Abgabe sind unsere Welpen gechipt, 2x geimpft, und 4x entwurmt.<\/p>\n<p>Bei ernsthaftem Interesse an einem unserer Welpen empfehlen wir eine rechtzeitige Eintragung auf unserer Bewerbungsliste &#8211; n\u00e4here Informationen erhalten Sie gerne telefonisch.<br \/>\nFamilien mit einem behinderten Familienmitglied haben Vorrang bei der Vermittlung unserer Welpen. Bei Fragen\u00a0beraten wir\u00a0Sie jederzeit.<br \/>\nAus unseren vorherigen W\u00fcrfen leben mehrere Hunde heute in Familien mit behinderten Kindern zusammen.<\/p>\n<p><strong>Bevor Sie sich f\u00fcr einen Welpen von uns entscheiden, sollte Folgendes gekl\u00e4rt sein:<\/strong><\/p>\n<ol start=\"1\">\n<li>Jedes Familienmitglied muss mit der Anschaffung eines Hundes einverstanden sein.<\/li>\n<li>Sie m\u00fcssen sich mit Vernunft f\u00fcr die Anschaffung eines Hundes entscheiden, wenn diese Entscheidung gefallen ist, lassen Sie Ihr Herz sprechen, denn&#8230;&#8230;<\/li>\n<li>Sie bekommen von uns kein Golden Baby, wenn wir nicht 100% sicher sind, dass Sie den kleinen Racker lieben werden.<\/li>\n<li>Wir ziehen unsere Babies mit viel Liebe, Zeit und auch Geld auf. Uns ist es wichtig, dass Sie sich genauso gut um Ihr neues Familienmitglied k\u00fcmmern. Wenn wir diesen Eindruck nicht haben, bekommen Sie von uns keinen Hund.<\/li>\n<li>Melden Sie sich bitte nur, wenn Sie sich der Verantwortung Hund auch 100% stellen wollen!!!!<\/li>\n<\/ol>\n<p>Danke.<\/p>\n","protected":false},"excerpt":{"rendered":"<p>Inge betreibt seit 1991 eine eigene Hundeschule. Die Angebote der Hundeschule umfassen unter anderem alltagsorientiertes Situationstraining und Ausbildung von Familienhunden zum gesellschaftsf\u00e4higen Begleithund. Als Problemhundetrainerin bereist Inge alle deutschsprachigen L\u00e4nder. Zudem bildet sie seit drei Jahren Therapiehunde aus und begleitet sie auf ihren Eins\u00e4tzen. Geplant ist eine Weiterbildung zum Servicehundetrainer. Inge ist die Mutter von [&hellip;]<\/p>\n","protected":false},"author":1,"featured_media":0,"parent":0,"menu_order":0,"comment_status":"closed","ping_status":"closed","template":"","meta":[],"_links":{"self":[{"href":"https:\/\/goldenfamily.de\/index.php\/wp-json\/wp\/v2\/pages\/10"}],"collection":[{"href":"https:\/\/goldenfamily.de\/index.php\/wp-json\/wp\/v2\/pages"}],"about":[{"href":"https:\/\/goldenfamily.de\/index.php\/wp-json\/wp\/v2\/types\/page"}],"author":[{"embeddable":true,"href":"https:\/\/goldenfamily.de\/index.php\/wp-json\/wp\/v2\/users\/1"}],"replies":[{"embeddable":true,"href":"https:\/\/goldenfamily.de\/index.php\/wp-json\/wp\/v2\/comments?post=10"}],"version-history":[{"count":1,"href":"https:\/\/goldenfamily.de\/index.php\/wp-json\/wp\/v2\/pages\/10\/revisions"}],"predecessor-version":[{"id":11,"href":"https:\/\/goldenfamily.de\/index.php\/wp-json\/wp\/v2\/pages\/10\/revisions\/11"}],"wp:attachment":[{"href":"https:\/\/goldenfamily.de\/index.php\/wp-json\/wp\/v2\/media?parent=10"}],"curies":[{"name":"wp","href":"https:\/\/api.w.org\/{rel}","templated":true}]}}