{"id":2,"date":"2016-09-26T09:00:00","date_gmt":"2016-09-26T07:00:00","guid":{"rendered":"http:\/\/www.goldenfamily.de\/?page_id=2"},"modified":"2016-10-07T00:15:48","modified_gmt":"2016-10-06T22:15:48","slug":"startseite","status":"publish","type":"page","link":"https:\/\/goldenfamily.de\/index.php\/startseite\/","title":{"rendered":"Startseite"},"content":{"rendered":"<h1 style=\"text-align: left;\">Golden Retriever Welpen<br>\nBei uns bekommen Sie Klasse statt Masse!<\/h1>\n<div id=\"attachment_8\" style=\"width: 530px\" class=\"wp-caption alignright\"><noscript><img aria-describedby=\"caption-attachment-8\" decoding=\"async\" class=\"wp-image-8\" src=\"https:\/\/www.goldenfamily.de\/wp-content\/uploads\/upload_alt\/Blog\/Wuerfe\/l_wurf\/141015\/l_wurf003_web.jpg\" alt=\"unsere Welpen\" width=\"520\" height=\"349\"><\/noscript><img aria-describedby=\"caption-attachment-8\" decoding=\"async\" class=\"wp-image-8 lazyload\" src=\"data:image\/svg+xml,%3Csvg%20xmlns%3D%22http%3A%2F%2Fwww.w3.org%2F2000%2Fsvg%22%20viewBox%3D%220%200%20520%20349%22%3E%3C%2Fsvg%3E\" alt=\"unsere Welpen\" width=\"520\" height=\"349\" data-src=\"https:\/\/www.goldenfamily.de\/wp-content\/uploads\/upload_alt\/Blog\/Wuerfe\/l_wurf\/141015\/l_wurf003_web.jpg\"><p id=\"caption-attachment-8\" class=\"wp-caption-text\"><strong>Bei uns bekommen Sie gesunde, wundersch\u00f6ne Golden Retriever Welpen.<\/strong><\/p><\/div>\n<p style=\"text-align: justify;\">Unsere Babies werden im Haus geboren und wachsen dort im Wohnzimmer in engstem Kontakt zu anderen Hunden, Katzen, Menschen, Behinderten und Kindern auf. Unsere Welpen sind von Geburt an 24h betreut. W\u00e4hrend der ersten acht Lebenswochen werden die Kleinen 3x komplett von unseren Tier\u00e4rzten untersucht. Die tier\u00e4rztliche Betreuung der Welpen beginnt schon bevor sie geboren sind.Alles was wir f\u00fcr gesunden Nachwuchs tun k\u00f6nnen wird gemacht und daf\u00fcr fahren wir auch gerne mehrere hundert Kilometer, um zu den besten Tier\u00e4rzten zu kommen.<\/p>\n<p style=\"text-align: justify;\">Welpenaufzucht bedeutet Verantwortung und dessen sind wir uns bewusst. Um den hohen Standard unserer selbst auferlegten Kriterien zu erf\u00fcllen und die Betreuung unserer Welpen und Althunde zu gew\u00e4hrleisten, arbeitet und wohnt unser Tierpfleger direkt bei uns im Haus. Unsere Elterntiere und die Welpen werden mit Royal Canin gef\u00fcttert und gro\u00df gezogen. Wir m\u00f6chten gerne die neuen Besitzer unserer Welpen gut kennen lernen, bevor wir ihnen einer unserer &#8222;Kinder&#8220; anvertrauen.<\/p>\n<p><noscript><img decoding=\"async\" class=\"wp-image-9 alignleft\" src=\"https:\/\/www.goldenfamily.de\/wp-content\/uploads\/upload_alt\/Blog\/Wuerfe\/j_wurf\/140703\/jackson_002_web.jpg\" alt=\"unsere Welpen\" width=\"350\" height=\"235\"><\/noscript><img decoding=\"async\" class=\"wp-image-9 alignleft lazyload\" src=\"data:image\/svg+xml,%3Csvg%20xmlns%3D%22http%3A%2F%2Fwww.w3.org%2F2000%2Fsvg%22%20viewBox%3D%220%200%20350%20235%22%3E%3C%2Fsvg%3E\" alt=\"unsere Welpen\" width=\"350\" height=\"235\" data-src=\"https:\/\/www.goldenfamily.de\/wp-content\/uploads\/upload_alt\/Blog\/Wuerfe\/j_wurf\/140703\/jackson_002_web.jpg\"><\/p>\n<p style=\"text-align: justify;\">Wir bieten Transparenz in unserer Zucht, erwarten diese aber auch, soweit es Ihr zuk\u00fcnftiges Familienmitglied betrifft, von Ihnen als zuk\u00fcnftiger Besitzer einer unserer Welpen. Gerne zeigen wir Ihnen bei Ihrem ersten Besuch s\u00e4mtliche Untersuchungsergebnisse der Elterntiere und Sie k\u00f6nnen z.B. auch gerne einen Blick in unsere Tierarztrechnungen werfen &#8211; erz\u00e4hlen k\u00f6nnten wir ja viel.Wenn wir uns so ein wenig kennengelernt haben d\u00fcrfen Sie uns gerne bis zur Abgabe der Welpen mit 8,5 Wochen jedes Wochenende besuchen kommen. Sie lernen Ihr neues Familienmitglied hautnah kennen, d\u00fcrfen die Welpen streicheln, mit ihnen&nbsp;spielen und &#8222;Ihr Baby&#8220; beim Heranwachsen begleiten. Der Welpe lernt mit Ihnen das Abenteuer &#8211; Auto fahren &#8211; bei uns kennen ,selbstverst\u00e4ndlich nur als Beifahrer.Auch nach der Abgabe stehen wir Ihnen mit Rat und Tat zur Seite.Bevor einer unserer Golden Retriever in die Zucht geht, wird er auf HD, und ED untersucht. Die erste Auswertung der R\u00f6ntgenbilder wird von einer renommierten Tierarztpraxis in Deutschland vorgenommen. Danach werden die Bilder nach England geschickt und dort noch einmal nach BVA ausgewertet, von Tier\u00e4rzten, die uns und unsere Zucht definitiv nicht kennen und sehr erfahrene Experten sind, da sie hunderte von R\u00f6ntgenbildern auswerten. Die englische Auswertung nach BVA ist international anerkannt.<br>\nEbenso lassen wir unsere Hunde auf vererbliche, f\u00fcr den Golden Retriever typische, Augenkrankheiten von einem Spezialisten untersuchen.Bei Abgabe sind unsere Welpen gechipt, 2x geimpft, und 4x entwurmt.Bei ernsthaftem Interesse an einem unserer Welpen empfehlen wir eine rechtzeitige Eintragung auf unserer Bewerbungsliste &#8211; n\u00e4here Informationen erhalten Sie gerne telefonisch.Familien mit einem behinderten Familienmitglied haben Vorrang bei der Vermittlung unserer Welpen. Bei Fragen beraten wir Sie jederzeit.Aus unseren vorherigen W\u00fcrfen leben mehrere Hunde heute in Familien mit behinderten Kindern zusammen.<\/p>\n<p>&nbsp;<\/p>\n<p style=\"text-align: justify;\"><noscript><img decoding=\"async\" class=\"wp-image-7 alignright\" src=\"https:\/\/www.goldenfamily.de\/wp-content\/uploads\/upload_alt\/Blog\/Wuerfe\/l_wurf\/141015\/leander004_web.jpg\" alt=\"unsere Welpen\" width=\"400\" height=\"600\"><\/noscript><img decoding=\"async\" class=\"wp-image-7 alignright lazyload\" src=\"data:image\/svg+xml,%3Csvg%20xmlns%3D%22http%3A%2F%2Fwww.w3.org%2F2000%2Fsvg%22%20viewBox%3D%220%200%20400%20600%22%3E%3C%2Fsvg%3E\" alt=\"unsere Welpen\" width=\"400\" height=\"600\" data-src=\"https:\/\/www.goldenfamily.de\/wp-content\/uploads\/upload_alt\/Blog\/Wuerfe\/l_wurf\/141015\/leander004_web.jpg\">Bevor Sie sich f\u00fcr einen Welpen von uns entscheiden, sollte Folgendes gekl\u00e4rt sein:<\/p>\n<p style=\"text-align: justify;\">1. Jedes Familienmitglied muss mit der Anschaffung eines Hundes einverstanden sein.<\/p>\n<p style=\"text-align: justify;\">2. Sie m\u00fcssen sich mit Vernunft f\u00fcr die Anschaffung eines Hundes entscheiden, wenn diese Entscheidung gefallen ist, lassen Sie Ihr Herz sprechen, denn&#8230;&#8230;Sie bekommen von uns kein Golden Baby, wenn wir nicht 100% sicher sind, dass Sie den kleinen Racker lieben werden.<\/p>\n<p style=\"text-align: justify;\">3. Wir ziehen unsere Babies mit viel Liebe, Zeit und auch Geld auf. Uns ist es wichtig, dass Sie sich genauso gut um Ihr neues Familienmitglied k\u00fcmmern. Wenn wir diesen Eindruck nicht haben, bekommen Sie von uns keinen Hund.<\/p>\n<p style=\"text-align: justify;\">4. Melden Sie sich bitte nur, wenn Sie sich der Verantwortung Hund auch 100% stellen wollen!!!!<\/p>\n<p style=\"text-align: justify;\">Danke.<\/p>\n","protected":false},"excerpt":{"rendered":"<p>Golden Retriever Welpen Bei uns bekommen Sie Klasse statt Masse! Unsere Babies werden im Haus geboren und wachsen dort im Wohnzimmer in engstem Kontakt zu anderen Hunden, Katzen, Menschen, Behinderten und Kindern auf. Unsere Welpen sind von Geburt an 24h betreut. W\u00e4hrend der ersten acht Lebenswochen werden die Kleinen 3x komplett von unseren Tier\u00e4rzten untersucht. [&hellip;]<\/p>\n","protected":false},"author":1,"featured_media":0,"parent":0,"menu_order":0,"comment_status":"closed","ping_status":"open","template":"","meta":[],"_links":{"self":[{"href":"https:\/\/goldenfamily.de\/index.php\/wp-json\/wp\/v2\/pages\/2"}],"collection":[{"href":"https:\/\/goldenfamily.de\/index.php\/wp-json\/wp\/v2\/pages"}],"about":[{"href":"https:\/\/goldenfamily.de\/index.php\/wp-json\/wp\/v2\/types\/page"}],"author":[{"embeddable":true,"href":"https:\/\/goldenfamily.de\/index.php\/wp-json\/wp\/v2\/users\/1"}],"replies":[{"embeddable":true,"href":"https:\/\/goldenfamily.de\/index.php\/wp-json\/wp\/v2\/comments?post=2"}],"version-history":[{"count":43,"href":"https:\/\/goldenfamily.de\/index.php\/wp-json\/wp\/v2\/pages\/2\/revisions"}],"predecessor-version":[{"id":338,"href":"https:\/\/goldenfamily.de\/index.php\/wp-json\/wp\/v2\/pages\/2\/revisions\/338"}],"wp:attachment":[{"href":"https:\/\/goldenfamily.de\/index.php\/wp-json\/wp\/v2\/media?parent=2"}],"curies":[{"name":"wp","href":"https:\/\/api.w.org\/{rel}","templated":true}]}}