{"id":30,"date":"2016-09-26T12:15:14","date_gmt":"2016-09-26T10:15:14","guid":{"rendered":"http:\/\/www.goldenfamily.de\/?page_id=30"},"modified":"2016-09-26T12:15:14","modified_gmt":"2016-09-26T10:15:14","slug":"unsere-golden","status":"publish","type":"page","link":"https:\/\/goldenfamily.de\/index.php\/unsere-golden\/","title":{"rendered":"Unsere Golden"},"content":{"rendered":"<p>Unsere Golden Retriever stammen ausnahmslos aus FCI (F\u00e9d\u00e9ration Cynologique Internationale) Verpaarungen, aus den besten europ\u00e4ischen Kennels.<\/p>\n<p>Die Ahnen unserer Hunde sind jedem wahren Golden-Fan ein Begriff.<\/p>\n<p>Unsere Goldies leben mit unseren anderen Hunden im engen Familienanschluss.<\/p>\n<p>Bevor ein Hund bei uns f\u00fcr die Zucht eingesetzt wird, werden HD\/ED und alle Augenuntersuchungen durchgef\u00fchrt.<\/p>\n<p>Die HD und ED R\u00f6ntgenbilder lassen wir doppelt auswerten. Einmal in Deutschland und einmal in England nach BVA.<\/p>\n<p>Ein Hund dessen HD-Auswertung schlechter als HD-B ist, geht bei uns nicht in die Zucht.<\/p>\n<p>Ebenso m\u00fcssen alle unsere Golden den Wesenstest mit Bravour bestehen.<\/p>\n","protected":false},"excerpt":{"rendered":"<p>Unsere Golden Retriever stammen ausnahmslos aus FCI (F\u00e9d\u00e9ration Cynologique Internationale) Verpaarungen, aus den besten europ\u00e4ischen Kennels. Die Ahnen unserer Hunde sind jedem wahren Golden-Fan ein Begriff. Unsere Goldies leben mit unseren anderen Hunden im engen Familienanschluss. Bevor ein Hund bei uns f\u00fcr die Zucht eingesetzt wird, werden HD\/ED und alle Augenuntersuchungen durchgef\u00fchrt. Die HD und [&hellip;]<\/p>\n","protected":false},"author":1,"featured_media":0,"parent":0,"menu_order":0,"comment_status":"closed","ping_status":"closed","template":"","meta":[],"_links":{"self":[{"href":"https:\/\/goldenfamily.de\/index.php\/wp-json\/wp\/v2\/pages\/30"}],"collection":[{"href":"https:\/\/goldenfamily.de\/index.php\/wp-json\/wp\/v2\/pages"}],"about":[{"href":"https:\/\/goldenfamily.de\/index.php\/wp-json\/wp\/v2\/types\/page"}],"author":[{"embeddable":true,"href":"https:\/\/goldenfamily.de\/index.php\/wp-json\/wp\/v2\/users\/1"}],"replies":[{"embeddable":true,"href":"https:\/\/goldenfamily.de\/index.php\/wp-json\/wp\/v2\/comments?post=30"}],"version-history":[{"count":1,"href":"https:\/\/goldenfamily.de\/index.php\/wp-json\/wp\/v2\/pages\/30\/revisions"}],"predecessor-version":[{"id":31,"href":"https:\/\/goldenfamily.de\/index.php\/wp-json\/wp\/v2\/pages\/30\/revisions\/31"}],"wp:attachment":[{"href":"https:\/\/goldenfamily.de\/index.php\/wp-json\/wp\/v2\/media?parent=30"}],"curies":[{"name":"wp","href":"https:\/\/api.w.org\/{rel}","templated":true}]}}