{"id":32,"date":"2016-09-26T12:17:18","date_gmt":"2016-09-26T10:17:18","guid":{"rendered":"http:\/\/www.goldenfamily.de\/?page_id=32"},"modified":"2016-09-26T12:18:32","modified_gmt":"2016-09-26T10:18:32","slug":"dane","status":"publish","type":"page","link":"https:\/\/goldenfamily.de\/index.php\/unsere-golden\/dane\/","title":{"rendered":"Dane"},"content":{"rendered":"<h1>Marybel Sabor Gitano &#8211; genannt Dane<\/h1>\n<div align=\"left\"><noscript><img decoding=\"async\" src=\"https:\/\/www.goldenfamily.de\/wp-content\/uploads\/upload_alt\/Goldies\/dane.jpg\"><\/noscript><img decoding=\"async\" src=\"data:image\/gif;base64,R0lGODlhAQABAIAAAAAAAP\/\/\/yH5BAEAAAAALAAAAAABAAEAAAIBRAA7\" data-src=\"https:\/\/www.goldenfamily.de\/wp-content\/uploads\/upload_alt\/Goldies\/dane.jpg\" class=\" lazyload\"><\/div>\n<div align=\"left\">\n<p>Er ist der Charmeur aus unserem Rudel. Ein sehr sanfter immer gut gelaunter Kerl, der gern jeden Spa\u00df mitmacht. Er wird von uns liebevoll Puffelchen genannt.<\/p>\n<p>Er hat das Gl\u00fcck mit lauter M\u00e4dels zusammen zu wohnen, von denen er den ganzen Tag bespielt und umgarnt wird.<\/p>\n<p>Unser Dane hatte schon einige Eins\u00e4tze als Therapiehund, wo er zeigen konnte wie sanft und einf\u00fchlsam er sein kann. Egal ob k\u00f6rperlich- oder geistig behinderte Menschen oder Senioren, zu jedem dieser Menschen baut Dane schnell pers\u00f6nlichen Kontakt auf.<\/p>\n<p>Dane ist in Italien in dem Zwinger Marybel geboren. Er ist ein sehr typvoller, knochenstarker cremefarbener R\u00fcde mit einem vollzahnigen Scherengebiss und einer excellenten Hinterhandwinkelung. Dane hat ein vorz\u00fcgliches schwarzes Pigment und sanfte dunkle Augen.<\/p>\n<p>Dane wurde am 03.April 2006 geboren.<\/p>\n<p>Gesundheitsergebnisse:<br>\n&#8211; BVA 4:4 ( HD-A)<br>\n&#8211; ED 0-0<br>\n&#8211; Augen frei<\/p>\n<p>Vater ist Champion Zampanzar Always-You.<br>\nMutter ist Multi-Champion Desiderio di Marybel del Chiaro di Luna.<\/p>\n<\/div>\n","protected":false},"excerpt":{"rendered":"<p>Marybel Sabor Gitano &#8211; genannt Dane Er ist der Charmeur aus unserem Rudel. Ein sehr sanfter immer gut gelaunter Kerl, der gern jeden Spa\u00df mitmacht. Er wird von uns liebevoll Puffelchen genannt. Er hat das Gl\u00fcck mit lauter M\u00e4dels zusammen zu wohnen, von denen er den ganzen Tag bespielt und umgarnt wird. Unser Dane hatte [&hellip;]<\/p>\n","protected":false},"author":1,"featured_media":0,"parent":30,"menu_order":0,"comment_status":"closed","ping_status":"closed","template":"","meta":[],"_links":{"self":[{"href":"https:\/\/goldenfamily.de\/index.php\/wp-json\/wp\/v2\/pages\/32"}],"collection":[{"href":"https:\/\/goldenfamily.de\/index.php\/wp-json\/wp\/v2\/pages"}],"about":[{"href":"https:\/\/goldenfamily.de\/index.php\/wp-json\/wp\/v2\/types\/page"}],"author":[{"embeddable":true,"href":"https:\/\/goldenfamily.de\/index.php\/wp-json\/wp\/v2\/users\/1"}],"replies":[{"embeddable":true,"href":"https:\/\/goldenfamily.de\/index.php\/wp-json\/wp\/v2\/comments?post=32"}],"version-history":[{"count":3,"href":"https:\/\/goldenfamily.de\/index.php\/wp-json\/wp\/v2\/pages\/32\/revisions"}],"predecessor-version":[{"id":35,"href":"https:\/\/goldenfamily.de\/index.php\/wp-json\/wp\/v2\/pages\/32\/revisions\/35"}],"up":[{"embeddable":true,"href":"https:\/\/goldenfamily.de\/index.php\/wp-json\/wp\/v2\/pages\/30"}],"wp:attachment":[{"href":"https:\/\/goldenfamily.de\/index.php\/wp-json\/wp\/v2\/media?parent=32"}],"curies":[{"name":"wp","href":"https:\/\/api.w.org\/{rel}","templated":true}]}}