{"id":36,"date":"2016-09-26T12:21:20","date_gmt":"2016-09-26T10:21:20","guid":{"rendered":"http:\/\/www.goldenfamily.de\/?page_id=36"},"modified":"2016-09-26T12:25:59","modified_gmt":"2016-09-26T10:25:59","slug":"ayleen","status":"publish","type":"page","link":"https:\/\/goldenfamily.de\/index.php\/unsere-golden\/ayleen\/","title":{"rendered":"Ayleen"},"content":{"rendered":"<h1>Stanwell Belle &#8211; genannt Ayleen<br>\n<noscript><img decoding=\"async\" src=\"https:\/\/www.goldenfamily.de\/wp-content\/uploads\/upload_alt\/Goldies\/ayleen.jpg\"><\/noscript><img decoding=\"async\" src=\"data:image\/gif;base64,R0lGODlhAQABAIAAAAAAAP\/\/\/yH5BAEAAAAALAAAAAABAAEAAAIBRAA7\" data-src=\"https:\/\/www.goldenfamily.de\/wp-content\/uploads\/upload_alt\/Goldies\/ayleen.jpg\" class=\" lazyload\"><\/h1>\n<div align=\"left\">\n<p>Unsere \u201eDrama Queen\u201c. Sie kommentiert gern Alles auf ihre ganz eigene, lautstarke Art. Egal ob sie ihr \u201egro\u00dfes Gesch\u00e4ft\u201c verrichtet (die Ger\u00e4usche klingen geradezu menschlich) oder einfach sich nur mit einem lauten Seufzen zur Ruhe bettet. \u2013 Ayleen redet den ganzen Tag. Zu unserem Gl\u00fcck hat sie bei der Handhabung des Telefons noch mit einigen grundlegenden Problemen zu k\u00e4mpfen. Auch ihre Mimik spricht B\u00e4nde. Das ganze Elend dieser Welt liegt auf ihren Schultern.<br>\nAyleen ist die Mutter unseres zweiten Wurfes. Sie hat ihren Kindern fast jeden Abend Gute-Nacht-Geschichten erz\u00e4hlt und war ihren Babies eine super Mama. Ayleen kann man nur schwer beschreiben. Man muss sie erleben und vor allem h\u00f6ren.<br>\nAyleen wurde am 29.Oktober 2005 geboren .<\/p>\n<p><span style=\"text-decoration: underline;\">Gesundheitsergebnisse:<\/span><br>\n&#8211; HD-A<br>\n&#8211; ED 0-0<br>\n&#8211; Augen frei<\/p>\n<p>Vater ist WW\u201901, EW\u201999+\u201902, Int. CH., Multi CH. &amp; Trailer Paudell Pure Passion<\/p>\n<p>Mutter ist Marcella of the Hellacious Acres<\/p>\n<\/div>\n","protected":false},"excerpt":{"rendered":"<p>Stanwell Belle &#8211; genannt Ayleen Unsere \u201eDrama Queen\u201c. Sie kommentiert gern Alles auf ihre ganz eigene, lautstarke Art. Egal ob sie ihr \u201egro\u00dfes Gesch\u00e4ft\u201c verrichtet (die Ger\u00e4usche klingen geradezu menschlich) oder einfach sich nur mit einem lauten Seufzen zur Ruhe bettet. \u2013 Ayleen redet den ganzen Tag. Zu unserem Gl\u00fcck hat sie bei der Handhabung [&hellip;]<\/p>\n","protected":false},"author":1,"featured_media":0,"parent":30,"menu_order":0,"comment_status":"closed","ping_status":"closed","template":"","meta":[],"_links":{"self":[{"href":"https:\/\/goldenfamily.de\/index.php\/wp-json\/wp\/v2\/pages\/36"}],"collection":[{"href":"https:\/\/goldenfamily.de\/index.php\/wp-json\/wp\/v2\/pages"}],"about":[{"href":"https:\/\/goldenfamily.de\/index.php\/wp-json\/wp\/v2\/types\/page"}],"author":[{"embeddable":true,"href":"https:\/\/goldenfamily.de\/index.php\/wp-json\/wp\/v2\/users\/1"}],"replies":[{"embeddable":true,"href":"https:\/\/goldenfamily.de\/index.php\/wp-json\/wp\/v2\/comments?post=36"}],"version-history":[{"count":2,"href":"https:\/\/goldenfamily.de\/index.php\/wp-json\/wp\/v2\/pages\/36\/revisions"}],"predecessor-version":[{"id":38,"href":"https:\/\/goldenfamily.de\/index.php\/wp-json\/wp\/v2\/pages\/36\/revisions\/38"}],"up":[{"embeddable":true,"href":"https:\/\/goldenfamily.de\/index.php\/wp-json\/wp\/v2\/pages\/30"}],"wp:attachment":[{"href":"https:\/\/goldenfamily.de\/index.php\/wp-json\/wp\/v2\/media?parent=36"}],"curies":[{"name":"wp","href":"https:\/\/api.w.org\/{rel}","templated":true}]}}