{"id":361,"date":"2016-11-15T20:39:09","date_gmt":"2016-11-15T19:39:09","guid":{"rendered":"http:\/\/www.goldenfamily.de\/?page_id=361"},"modified":"2017-02-09T22:08:49","modified_gmt":"2017-02-09T21:08:49","slug":"welpen","status":"publish","type":"page","link":"https:\/\/goldenfamily.de\/index.php\/welpen\/","title":{"rendered":"Welpen"},"content":{"rendered":"<p style=\"text-align: center;\"><a href=\"https:\/\/www.goldenfamily.de\/index.php\/category\/welpen\/p-wurf\">Unser P-Wurf: Geboren am 04. Dezember 2016<br>\n<\/a><a href=\"https:\/\/www.goldenfamily.de\/index.php\/category\/welpen\/p-wurf\">1 H\u00fcndin &amp; 3 R\u00fcden<br>\n<noscript><img decoding=\"async\" class=\"alignnone wp-image-570\" src=\"https:\/\/goldenfamily.de\/wp-content\/uploads\/2017\/01\/IMG_1916_P-18Tage-300x225.jpg\" width=\"600\" height=\"450\" srcset=\"https:\/\/goldenfamily.de\/wp-content\/uploads\/2017\/01\/IMG_1916_P-18Tage-300x225.jpg 300w, https:\/\/goldenfamily.de\/wp-content\/uploads\/2017\/01\/IMG_1916_P-18Tage-768x576.jpg 768w, https:\/\/goldenfamily.de\/wp-content\/uploads\/2017\/01\/IMG_1916_P-18Tage-1024x768.jpg 1024w\" sizes=\"(max-width: 600px) 100vw, 600px\"><\/noscript><img decoding=\"async\" class=\"alignnone wp-image-570 lazyload\" src=\"data:image\/svg+xml,%3Csvg%20xmlns%3D%22http%3A%2F%2Fwww.w3.org%2F2000%2Fsvg%22%20viewBox%3D%220%200%20600%20450%22%3E%3C%2Fsvg%3E\" width=\"600\" height=\"450\" srcset=\"data:image\/svg+xml,%3Csvg%20xmlns%3D%22http%3A%2F%2Fwww.w3.org%2F2000%2Fsvg%22%20viewBox%3D%220%200%20600%20450%22%3E%3C%2Fsvg%3E 600w\" sizes=\"(max-width: 600px) 100vw, 600px\" data-srcset=\"https:\/\/goldenfamily.de\/wp-content\/uploads\/2017\/01\/IMG_1916_P-18Tage-300x225.jpg 300w, https:\/\/goldenfamily.de\/wp-content\/uploads\/2017\/01\/IMG_1916_P-18Tage-768x576.jpg 768w, https:\/\/goldenfamily.de\/wp-content\/uploads\/2017\/01\/IMG_1916_P-18Tage-1024x768.jpg 1024w\" data-src=\"https:\/\/goldenfamily.de\/wp-content\/uploads\/2017\/01\/IMG_1916_P-18Tage-300x225.jpg\"><\/a><\/p>\n<p style=\"text-align: center;\"><a href=\"https:\/\/www.goldenfamily.de\/index.php\/category\/welpen\/p-wurf\">von Precious Hope Dilara<\/a><a href=\"https:\/\/www.goldenfamily.de\/index.php\/category\/welpen\/p-wurf\"> &amp; Marco Antonio del Cortijo la Solana<br>\n<\/a><\/p>\n<p style=\"text-align: center;\">.<\/p>\n<p style=\"text-align: center;\"><a href=\"https:\/\/www.goldenfamily.de\/index.php\/category\/welpen\/O-wurf\">Unser O-Wurf: Geboren am 01. November 2016<br>\n<\/a><a href=\"https:\/\/www.goldenfamily.de\/index.php\/category\/welpen\/O-wurf\">4 H\u00fcndinnen &amp; 4 R\u00fcden<\/a><br>\n<a href=\"https:\/\/www.goldenfamily.de\/index.php\/category\/welpen\/O-wurf\"><noscript><img decoding=\"async\" class=\"wp-image-480 aligncenter\" src=\"https:\/\/goldenfamily.de\/wp-content\/uploads\/2016\/11\/IMG_1871-O-27Tage-300x225.jpg\" alt=\"img_1871-o-27tage\" width=\"600\" height=\"450\" srcset=\"https:\/\/goldenfamily.de\/wp-content\/uploads\/2016\/11\/IMG_1871-O-27Tage-300x225.jpg 300w, https:\/\/goldenfamily.de\/wp-content\/uploads\/2016\/11\/IMG_1871-O-27Tage-768x576.jpg 768w, https:\/\/goldenfamily.de\/wp-content\/uploads\/2016\/11\/IMG_1871-O-27Tage-1024x768.jpg 1024w\" sizes=\"(max-width: 600px) 100vw, 600px\"><\/noscript><img decoding=\"async\" class=\"wp-image-480 aligncenter lazyload\" src=\"data:image\/svg+xml,%3Csvg%20xmlns%3D%22http%3A%2F%2Fwww.w3.org%2F2000%2Fsvg%22%20viewBox%3D%220%200%20600%20450%22%3E%3C%2Fsvg%3E\" alt=\"img_1871-o-27tage\" width=\"600\" height=\"450\" srcset=\"data:image\/svg+xml,%3Csvg%20xmlns%3D%22http%3A%2F%2Fwww.w3.org%2F2000%2Fsvg%22%20viewBox%3D%220%200%20600%20450%22%3E%3C%2Fsvg%3E 600w\" sizes=\"(max-width: 600px) 100vw, 600px\" data-srcset=\"https:\/\/goldenfamily.de\/wp-content\/uploads\/2016\/11\/IMG_1871-O-27Tage-300x225.jpg 300w, https:\/\/goldenfamily.de\/wp-content\/uploads\/2016\/11\/IMG_1871-O-27Tage-768x576.jpg 768w, https:\/\/goldenfamily.de\/wp-content\/uploads\/2016\/11\/IMG_1871-O-27Tage-1024x768.jpg 1024w\" data-src=\"https:\/\/goldenfamily.de\/wp-content\/uploads\/2016\/11\/IMG_1871-O-27Tage-300x225.jpg\"><\/a><\/p>\n<p style=\"text-align: center;\"><a href=\"https:\/\/www.goldenfamily.de\/index.php\/category\/welpen\/O-wurf\">von Precious Hope Elena &amp; Marco Antonio del Cortijo la Solana<br>\n<\/a><\/p>\n<p style=\"text-align: center;\">.<\/p>\n<p style=\"text-align: center;\"><a href=\"https:\/\/www.goldenfamily.de\/index.php\/category\/welpen\/N-wurf\">Unser N-Wurf: Geboren am 20. Oktober 2015<br>\n<\/a><a href=\"https:\/\/www.goldenfamily.de\/index.php\/category\/welpen\/N-wurf\">2 H\u00fcndinnen &amp; 3 R\u00fcden<br>\n<strong><noscript><img decoding=\"async\" class=\"rand\" src=\"https:\/\/www.goldenfamily.de\/wp-content\/uploads\/upload_alt\/Blog\/Wuerfe\/n_wurf\/N-1w6t-Daisy-5-Kinder.jpg\"><\/noscript><img decoding=\"async\" class=\"rand lazyload\" src=\"data:image\/gif;base64,R0lGODlhAQABAIAAAAAAAP\/\/\/yH5BAEAAAAALAAAAAABAAEAAAIBRAA7\" data-src=\"https:\/\/www.goldenfamily.de\/wp-content\/uploads\/upload_alt\/Blog\/Wuerfe\/n_wurf\/N-1w6t-Daisy-5-Kinder.jpg\"><\/strong><br>\nvon Precious Hope Dilara &amp; Tramin Solid Gold<\/a><\/p>\n<p style=\"text-align: center;\">.<\/p>\n<p style=\"text-align: center;\"><a href=\"https:\/\/www.goldenfamily.de\/index.php\/category\/welpen\/M-wurf\">Unser M-Wurf: Geboren am 27. Mai 2015<br>\n<\/a><a href=\"https:\/\/www.goldenfamily.de\/index.php\/category\/welpen\/M-wurf\">3 H\u00fcndinnen &amp; 6 R\u00fcden<br>\n<strong><noscript><img decoding=\"async\" class=\"rand\" src=\"https:\/\/www.goldenfamily.de\/wp-content\/uploads\/upload_alt\/Blog\/Wuerfe\/m_wurf\/IMG_0177_3Tage.jpg\"><\/noscript><img decoding=\"async\" class=\"rand lazyload\" src=\"data:image\/gif;base64,R0lGODlhAQABAIAAAAAAAP\/\/\/yH5BAEAAAAALAAAAAABAAEAAAIBRAA7\" data-src=\"https:\/\/www.goldenfamily.de\/wp-content\/uploads\/upload_alt\/Blog\/Wuerfe\/m_wurf\/IMG_0177_3Tage.jpg\"><\/strong><br>\nvon Precious Hope Elena &amp; Marco Antonio del Cortijo la Solana<\/a><\/p>\n<p style=\"text-align: center;\">.<\/p>\n<p style=\"text-align: center;\"><a href=\"https:\/\/www.goldenfamily.de\/index.php\/category\/welpen\/L-wurf\">Unser L-Wurf: Geboren am 26. August 2014<br>\n<\/a><a href=\"https:\/\/www.goldenfamily.de\/index.php\/category\/welpen\/L-wurf\">2 H\u00fcndinnen<\/a><a href=\"https:\/\/www.goldenfamily.de\/index.php\/category\/welpen\/L-wurf\"> &amp; 4 R\u00fcden<\/a><a href=\"https:\/\/www.goldenfamily.de\/index.php\/category\/welpen\/L-wurf\"><br>\n<strong><noscript><img decoding=\"async\" class=\"rand\" src=\"https:\/\/www.goldenfamily.de\/wp-content\/uploads\/upload_alt\/Blog\/Wuerfe\/l_wurf\/140915\/L-Wurf2.jpg\"><\/noscript><img decoding=\"async\" class=\"rand lazyload\" src=\"data:image\/gif;base64,R0lGODlhAQABAIAAAAAAAP\/\/\/yH5BAEAAAAALAAAAAABAAEAAAIBRAA7\" data-src=\"https:\/\/www.goldenfamily.de\/wp-content\/uploads\/upload_alt\/Blog\/Wuerfe\/l_wurf\/140915\/L-Wurf2.jpg\"><\/strong><br>\nvon Arabella Dorren Figg &amp; Tramin Deep In My Heart<\/a><\/p>\n<p style=\"text-align: center;\">.<\/p>\n<p style=\"text-align: center;\"><a href=\"https:\/\/www.goldenfamily.de\/index.php\/category\/welpen\/K-wurf\">Unser K-Wurf: Geboren am 16. August 2014<br>\n<\/a><a href=\"https:\/\/www.goldenfamily.de\/index.php\/category\/welpen\/K-wurf\">1 H\u00fcndin<\/a><a href=\"https:\/\/www.goldenfamily.de\/index.php\/category\/welpen\/K-wurf\"> &amp; 2 R\u00fcden<\/a><a href=\"https:\/\/www.goldenfamily.de\/index.php\/category\/welpen\/K-wurf\"><br>\n<noscript><img decoding=\"async\" class=\"rand\" src=\"https:\/\/www.goldenfamily.de\/wp-content\/uploads\/upload_alt\/Blog\/Wuerfe\/k_wurf\/141015\/k-wurf_web.jpg\"><\/noscript><img decoding=\"async\" class=\"rand lazyload\" src=\"data:image\/gif;base64,R0lGODlhAQABAIAAAAAAAP\/\/\/yH5BAEAAAAALAAAAAABAAEAAAIBRAA7\" data-src=\"https:\/\/www.goldenfamily.de\/wp-content\/uploads\/upload_alt\/Blog\/Wuerfe\/k_wurf\/141015\/k-wurf_web.jpg\"><br>\nvon Precious Hope Elena &amp; Marco Antonio Del Cortijo La Solana<\/a><\/p>\n<p style=\"text-align: center;\">.<\/p>\n<p style=\"text-align: center;\"><a href=\"https:\/\/www.goldenfamily.de\/index.php\/category\/welpen\/J-wurf\">Unser J-Wurf: Geboren am 15. Mai 2014<br>\n<\/a><a href=\"https:\/\/www.goldenfamily.de\/index.php\/category\/welpen\/J-wurf\">4 H\u00fcndinnen<\/a><a href=\"https:\/\/www.goldenfamily.de\/index.php\/category\/welpen\/J-wurf\"> &amp; 5 R\u00fcden &#8211; alle Welpen sind vergeben.<\/a><\/p>\n<p style=\"text-align: center;\"><a href=\"https:\/\/www.goldenfamily.de\/index.php\/category\/welpen\/J-wurf\"><noscript><img decoding=\"async\" class=\"wp-image-506 size-full aligncenter\" src=\"https:\/\/goldenfamily.de\/wp-content\/uploads\/2016\/11\/gruppenfoto_rueden_web.jpg\" alt=\"gruppenfoto_rueden_web\" width=\"600\" height=\"400\" srcset=\"https:\/\/goldenfamily.de\/wp-content\/uploads\/2016\/11\/gruppenfoto_rueden_web.jpg 600w, https:\/\/goldenfamily.de\/wp-content\/uploads\/2016\/11\/gruppenfoto_rueden_web-300x200.jpg 300w\" sizes=\"(max-width: 600px) 100vw, 600px\"><\/noscript><img decoding=\"async\" class=\"wp-image-506 size-full aligncenter lazyload\" src=\"data:image\/svg+xml,%3Csvg%20xmlns%3D%22http%3A%2F%2Fwww.w3.org%2F2000%2Fsvg%22%20viewBox%3D%220%200%20600%20400%22%3E%3C%2Fsvg%3E\" alt=\"gruppenfoto_rueden_web\" width=\"600\" height=\"400\" srcset=\"data:image\/svg+xml,%3Csvg%20xmlns%3D%22http%3A%2F%2Fwww.w3.org%2F2000%2Fsvg%22%20viewBox%3D%220%200%20600%20400%22%3E%3C%2Fsvg%3E 600w\" sizes=\"(max-width: 600px) 100vw, 600px\" data-srcset=\"https:\/\/goldenfamily.de\/wp-content\/uploads\/2016\/11\/gruppenfoto_rueden_web.jpg 600w, https:\/\/goldenfamily.de\/wp-content\/uploads\/2016\/11\/gruppenfoto_rueden_web-300x200.jpg 300w\" data-src=\"https:\/\/goldenfamily.de\/wp-content\/uploads\/2016\/11\/gruppenfoto_rueden_web.jpg\"><br>\nvon Precious Hope Hannah &amp; Tramin Deep In My Heart<\/a><\/p>\n<p style=\"text-align: center;\">.<\/p>\n<p style=\"text-align: center;\"><a href=\"https:\/\/www.goldenfamily.de\/index.php\/category\/welpen\/I-wurf\">Unser I-Wurf: Geboren am 23. November 2013<br>\n<\/a><a href=\"https:\/\/www.goldenfamily.de\/index.php\/category\/welpen\/I-wurf\">4 H\u00fcndinnen<\/a><a href=\"https:\/\/www.goldenfamily.de\/index.php\/category\/welpen\/I-wurf\"> &amp; 6 R\u00fcden <\/a><a href=\"https:\/\/www.goldenfamily.de\/index.php\/category\/welpen\/H-wurf\">&#8211; alle Welpen sind vergeben.<\/a><a href=\"https:\/\/www.goldenfamily.de\/index.php\/category\/welpen\/I-wurf\"><br>\n<noscript><img decoding=\"async\" class=\"rand\" src=\"https:\/\/www.goldenfamily.de\/wp-content\/uploads\/upload_alt\/Blog\/Wuerfe\/i_wurf\/131202_MuttiWelpen_k.jpg\"><\/noscript><img decoding=\"async\" class=\"rand lazyload\" src=\"data:image\/gif;base64,R0lGODlhAQABAIAAAAAAAP\/\/\/yH5BAEAAAAALAAAAAABAAEAAAIBRAA7\" data-src=\"https:\/\/www.goldenfamily.de\/wp-content\/uploads\/upload_alt\/Blog\/Wuerfe\/i_wurf\/131202_MuttiWelpen_k.jpg\"><br>\nvon Precious Hope Dilara &amp; Multi Champion Tramin Night Fever<\/a><\/p>\n<p style=\"text-align: center;\">.<\/p>\n<p style=\"text-align: center;\"><a href=\"https:\/\/www.goldenfamily.de\/index.php\/category\/welpen\/H-wurf\">Unser H-Wurf: Geboren am 09. Dezember 2011<br>\n2 H\u00fcndinnen &amp; 2 R\u00fcden &#8211; alle Welpen sind vergeben.<br>\n<noscript><img decoding=\"async\" class=\"rand\" src=\"https:\/\/www.goldenfamily.de\/wp-content\/uploads\/upload_alt\/Blog\/Wuerfe\/h_wurf\/120118_H-Wurf_Ayleen_x_Juri_09122011__mit_5_Wochen_und_3_Tagen_048.jpg\"><\/noscript><img decoding=\"async\" class=\"rand lazyload\" src=\"data:image\/gif;base64,R0lGODlhAQABAIAAAAAAAP\/\/\/yH5BAEAAAAALAAAAAABAAEAAAIBRAA7\" data-src=\"https:\/\/www.goldenfamily.de\/wp-content\/uploads\/upload_alt\/Blog\/Wuerfe\/h_wurf\/120118_H-Wurf_Ayleen_x_Juri_09122011__mit_5_Wochen_und_3_Tagen_048.jpg\"><br>\nStanwelle Belle &amp; Marco Antonio del Cortijo la Solana<\/a><\/p>\n<p style=\"text-align: center;\">.<\/p>\n<p style=\"text-align: center;\"><a href=\"https:\/\/www.goldenfamily.de\/index.php\/category\/welpen\/G-wurf\">Unser G &#8211; Wurf: Geboren am 05. April 2011<br>\n2 H\u00fcndinnen &amp; 1 R\u00fcde &#8211; alle Welpen sind vergeben.<br>\n<noscript><img decoding=\"async\" class=\"rand\" src=\"https:\/\/www.goldenfamily.de\/wp-content\/uploads\/upload_alt\/Blog\/Wuerfe\/g_wurf\/110515_Chou-Chou_G-Wurf_058.jpg\"><\/noscript><img decoding=\"async\" class=\"rand lazyload\" src=\"data:image\/gif;base64,R0lGODlhAQABAIAAAAAAAP\/\/\/yH5BAEAAAAALAAAAAABAAEAAAIBRAA7\" data-src=\"https:\/\/www.goldenfamily.de\/wp-content\/uploads\/upload_alt\/Blog\/Wuerfe\/g_wurf\/110515_Chou-Chou_G-Wurf_058.jpg\"><\/a><br>\n<a href=\"https:\/\/www.goldenfamily.de\/Wurfplanung\">von Gladword&#8220;s Amazing Peppermint Patty &amp; Jako&#8220;s Amazing Flame<\/a><\/p>\n<p style=\"text-align: center;\">.<\/p>\n<p style=\"text-align: center;\"><a href=\"https:\/\/www.goldenfamily.de\/index.php\/category\/welpen\/E-wurf\">Unser E &#8211; Wurf: Geboren am 13. Juni 2010<br>\n8 H\u00fcndinnen &amp; 2 R\u00fcden &#8211; alle Welpen sind vergeben.<br>\nWir sind Ende August in unsere neuen Familien gezogen.<br>\n<noscript><img decoding=\"async\" class=\"rand\" src=\"https:\/\/www.goldenfamily.de\/wp-content\/uploads\/upload_alt\/Blog\/Wuerfe\/e_wurf\/100723_E-Wurf_mit_5_Wochen_und_5_Tagen_011.jpg\"><\/noscript><img decoding=\"async\" class=\"rand lazyload\" src=\"data:image\/gif;base64,R0lGODlhAQABAIAAAAAAAP\/\/\/yH5BAEAAAAALAAAAAABAAEAAAIBRAA7\" data-src=\"https:\/\/www.goldenfamily.de\/wp-content\/uploads\/upload_alt\/Blog\/Wuerfe\/e_wurf\/100723_E-Wurf_mit_5_Wochen_und_5_Tagen_011.jpg\"><\/a><\/p>\n<div style=\"text-align: center;\"><a href=\"https:\/\/www.goldenfamily.de\/Wwurfplanung\">von Stanwell Belle &amp; Zampanzar Habana-Ron<\/a><\/div>\n<p style=\"text-align: center;\">.<\/p>\n<p style=\"text-align: center;\"><a href=\"https:\/\/www.goldenfamily.de\/index.php\/category\/welpen\/D-wurf\">Unser D &#8211; Wurf: Geboren am 12. Mai 2010<br>\n4 H\u00fcndinnen &amp; 4 R\u00fcden &#8211; alle Welpen sind vergeben.<br>\nWir sind Mitte Juli in unsere neuen Familien gezogen.<br>\n<noscript><img decoding=\"async\" class=\"rand\" src=\"https:\/\/www.goldenfamily.de\/wp-content\/uploads\/upload_alt\/Blog\/Wuerfe\/d_wurf\/100611_Chou-Chous_D-_Wurf_mit_4_Wochen_1Tag_alt_008.jpg\"><\/noscript><img decoding=\"async\" class=\"rand lazyload\" src=\"data:image\/gif;base64,R0lGODlhAQABAIAAAAAAAP\/\/\/yH5BAEAAAAALAAAAAABAAEAAAIBRAA7\" data-src=\"https:\/\/www.goldenfamily.de\/wp-content\/uploads\/upload_alt\/Blog\/Wuerfe\/d_wurf\/100611_Chou-Chous_D-_Wurf_mit_4_Wochen_1Tag_alt_008.jpg\"><\/a><\/p>\n<div style=\"text-align: center;\"><a href=\"https:\/\/www.goldenfamily.de\/Wurfplanung\">von Gladword&#8220;s Amazing Peppermint Patty &amp; Jako&#8220;s Amazing Flame<\/a><\/div>\n<p style=\"text-align: center;\">.<\/p>\n<p style=\"text-align: center;\"><a href=\"https:\/\/www.goldenfamily.de\/index.php\/category\/welpen\/C-wurf\">Unser C &#8211; Wurf: Geboren am 13. Januar 2010.<br>\n5 H\u00fcndinnen &amp; 2 R\u00fcden &#8211; alle Welpen sind vergeben.<br>\nWir sind Mitte M\u00e4rz in unsere neuen Familien gezogen.<br>\n<noscript><img decoding=\"async\" class=\"rand\" src=\"https:\/\/www.goldenfamily.de\/wp-content\/uploads\/upload_alt\/Blog\/Wuerfe\/c_wurf\/100213_564.jpg\"><\/noscript><img decoding=\"async\" class=\"rand lazyload\" src=\"data:image\/gif;base64,R0lGODlhAQABAIAAAAAAAP\/\/\/yH5BAEAAAAALAAAAAABAAEAAAIBRAA7\" data-src=\"https:\/\/www.goldenfamily.de\/wp-content\/uploads\/upload_alt\/Blog\/Wuerfe\/c_wurf\/100213_564.jpg\"><\/a><\/p>\n<div style=\"text-align: center;\"><a>von Arabella Dorren Figg &amp; Jako&#8220;s Amazing Flame<\/a><\/div>\n<p style=\"text-align: center;\">.<\/p>\n<p style=\"text-align: center;\"><a href=\"https:\/\/www.goldenfamily.de\/index.php\/category\/welpen\/B-wurf\">Unser B &#8211; Wurf: Geboren am 24. September 2009<br>\n3 H\u00fcndinnen &amp; 5 R\u00fcden &#8211; alle Welpen sind vergeben.<br>\nWir sind am letzten Novemberwochenende in unsere neuen Familien gezogen.<br>\n<noscript><img decoding=\"async\" class=\"rand\" src=\"https:\/\/www.goldenfamily.de\/wp-content\/uploads\/upload_alt\/Blog\/Wuerfe\/b_wurf\/091102_besuch11.jpg\"><\/noscript><img decoding=\"async\" class=\"rand lazyload\" src=\"data:image\/gif;base64,R0lGODlhAQABAIAAAAAAAP\/\/\/yH5BAEAAAAALAAAAAABAAEAAAIBRAA7\" data-src=\"https:\/\/www.goldenfamily.de\/wp-content\/uploads\/upload_alt\/Blog\/Wuerfe\/b_wurf\/091102_besuch11.jpg\"><\/a><\/p>\n<div style=\"text-align: center;\"><a>von Stanwell Belle &amp; Zampanzar Habana-Ron<\/a><\/div>\n<p style=\"text-align: center;\">.<\/p>\n<p style=\"text-align: center;\"><a href=\"https:\/\/www.goldenfamily.de\/index.php\/category\/welpen\/A-wurf\">Unser A &#8211; Wurf: Geboren am 04. September 2009<br>\n3 H\u00fcndinnen &amp; 7 R\u00fcden &#8211; alle Welpen sind vergeben.<br>\nWir sind am ersten Novemberwochenende in unsere neuen Familien gezogen.<br>\n<noscript><img decoding=\"async\" class=\"rand\" src=\"https:\/\/www.goldenfamily.de\/wp-content\/uploads\/upload_alt\/Blog\/Wuerfe\/a_wurf\/091102_profi6.jpg\"><\/noscript><img decoding=\"async\" class=\"rand lazyload\" src=\"data:image\/gif;base64,R0lGODlhAQABAIAAAAAAAP\/\/\/yH5BAEAAAAALAAAAAABAAEAAAIBRAA7\" data-src=\"https:\/\/www.goldenfamily.de\/wp-content\/uploads\/upload_alt\/Blog\/Wuerfe\/a_wurf\/091102_profi6.jpg\"><\/a><\/p>\n<div style=\"text-align: center;\"><a>von Non Stop Ilang-Ilang &amp; Zampanzar Habana-Ron<\/a><\/div>\n","protected":false},"excerpt":{"rendered":"<p>Unser P-Wurf: Geboren am 04. Dezember 2016 1 H\u00fcndin &amp; 3 R\u00fcden von Precious Hope Dilara &amp; Marco Antonio del Cortijo la Solana . Unser O-Wurf: Geboren am 01. November 2016 4 H\u00fcndinnen &amp; 4 R\u00fcden von Precious Hope Elena &amp; Marco Antonio del Cortijo la Solana . Unser N-Wurf: Geboren am 20. Oktober 2015 [&hellip;]<\/p>\n","protected":false},"author":1,"featured_media":0,"parent":0,"menu_order":0,"comment_status":"closed","ping_status":"closed","template":"","meta":[],"_links":{"self":[{"href":"https:\/\/goldenfamily.de\/index.php\/wp-json\/wp\/v2\/pages\/361"}],"collection":[{"href":"https:\/\/goldenfamily.de\/index.php\/wp-json\/wp\/v2\/pages"}],"about":[{"href":"https:\/\/goldenfamily.de\/index.php\/wp-json\/wp\/v2\/types\/page"}],"author":[{"embeddable":true,"href":"https:\/\/goldenfamily.de\/index.php\/wp-json\/wp\/v2\/users\/1"}],"replies":[{"embeddable":true,"href":"https:\/\/goldenfamily.de\/index.php\/wp-json\/wp\/v2\/comments?post=361"}],"version-history":[{"count":27,"href":"https:\/\/goldenfamily.de\/index.php\/wp-json\/wp\/v2\/pages\/361\/revisions"}],"predecessor-version":[{"id":621,"href":"https:\/\/goldenfamily.de\/index.php\/wp-json\/wp\/v2\/pages\/361\/revisions\/621"}],"wp:attachment":[{"href":"https:\/\/goldenfamily.de\/index.php\/wp-json\/wp\/v2\/media?parent=361"}],"curies":[{"name":"wp","href":"https:\/\/api.w.org\/{rel}","templated":true}]}}