{"id":39,"date":"2016-09-26T12:28:42","date_gmt":"2016-09-26T10:28:42","guid":{"rendered":"http:\/\/www.goldenfamily.de\/?page_id=39"},"modified":"2016-09-26T12:28:42","modified_gmt":"2016-09-26T10:28:42","slug":"chouchou","status":"publish","type":"page","link":"https:\/\/goldenfamily.de\/index.php\/unsere-golden\/chouchou\/","title":{"rendered":"ChouChou"},"content":{"rendered":"<h1>Gladword&#8217;s Amazing Peppermint Patty &#8211; genannt ChouChou<br>\n<noscript><img decoding=\"async\" src=\"https:\/\/www.goldenfamily.de\/wp-content\/uploads\/upload_alt\/Goldies\/chouchou.jpg\"><\/noscript><img decoding=\"async\" src=\"data:image\/gif;base64,R0lGODlhAQABAIAAAAAAAP\/\/\/yH5BAEAAAAALAAAAAABAAEAAAIBRAA7\" data-src=\"https:\/\/www.goldenfamily.de\/wp-content\/uploads\/upload_alt\/Goldies\/chouchou.jpg\" class=\" lazyload\"><\/h1>\n<div align=\"left\">\n<p>Sie ist die souver\u00e4ne H\u00fcndin, die das Rudel anf\u00fchrt.<\/p>\n<p>Ihr Erkennungsmerkmal ist das tiefe Atmen und Grunzen, wenn es was zu erbetteln gibt.<\/p>\n<p>Mit einem Welpenfoto von ChouChou begann die Liebe zu den Golden Retrievern.<\/p>\n<p>Sie ist im Februar 2005 bei uns eingezogen. Ihre Z\u00fcchterin Kerstin Freuw\u00f6rt vom Kennel \u201eGladwords\u201c ist uns eine gute Freundin geworden.<\/p>\n<p>Auch ChouChou ist ein gern gesehener Gast in Pflege- und Seniorenheimen , wobei sie strikt darauf achtet, dass &#8222;Sie&#8220; die Leckerle bekommt und nicht etwa die Bewohner sie ihr weg essen.<\/p>\n<p>ChouChou ist eine kr\u00e4ftige, gro\u00dfe H\u00fcndin mit sehr hellem Fell und einem vollzahnigen Scherengebiss.<\/p>\n<p>ChouChou wurde am 10. Dezember 2004 geboren.<\/p>\n<p><span style=\"text-decoration: underline;\">Gesundheitsergebnisse:<\/span><br>\n&#8211; HD-A<br>\n&#8211; ED 0-0<br>\n&#8211; Augen frei<\/p>\n<p>Vater ist WW\u201901, EW\u201999+\u201902, Int. CH., Multi CH. &amp; Trailer Paudell Pure Passion<\/p>\n<p>Mutter ist Miss Josie of the Morning Valley<\/p>\n<\/div>\n<p><!--Ende Seiteninhalt--><\/p>\n","protected":false},"excerpt":{"rendered":"<p>Gladword&#8217;s Amazing Peppermint Patty &#8211; genannt ChouChou Sie ist die souver\u00e4ne H\u00fcndin, die das Rudel anf\u00fchrt. Ihr Erkennungsmerkmal ist das tiefe Atmen und Grunzen, wenn es was zu erbetteln gibt. Mit einem Welpenfoto von ChouChou begann die Liebe zu den Golden Retrievern. Sie ist im Februar 2005 bei uns eingezogen. Ihre Z\u00fcchterin Kerstin Freuw\u00f6rt vom [&hellip;]<\/p>\n","protected":false},"author":1,"featured_media":0,"parent":30,"menu_order":0,"comment_status":"closed","ping_status":"closed","template":"","meta":[],"_links":{"self":[{"href":"https:\/\/goldenfamily.de\/index.php\/wp-json\/wp\/v2\/pages\/39"}],"collection":[{"href":"https:\/\/goldenfamily.de\/index.php\/wp-json\/wp\/v2\/pages"}],"about":[{"href":"https:\/\/goldenfamily.de\/index.php\/wp-json\/wp\/v2\/types\/page"}],"author":[{"embeddable":true,"href":"https:\/\/goldenfamily.de\/index.php\/wp-json\/wp\/v2\/users\/1"}],"replies":[{"embeddable":true,"href":"https:\/\/goldenfamily.de\/index.php\/wp-json\/wp\/v2\/comments?post=39"}],"version-history":[{"count":1,"href":"https:\/\/goldenfamily.de\/index.php\/wp-json\/wp\/v2\/pages\/39\/revisions"}],"predecessor-version":[{"id":40,"href":"https:\/\/goldenfamily.de\/index.php\/wp-json\/wp\/v2\/pages\/39\/revisions\/40"}],"up":[{"embeddable":true,"href":"https:\/\/goldenfamily.de\/index.php\/wp-json\/wp\/v2\/pages\/30"}],"wp:attachment":[{"href":"https:\/\/goldenfamily.de\/index.php\/wp-json\/wp\/v2\/media?parent=39"}],"curies":[{"name":"wp","href":"https:\/\/api.w.org\/{rel}","templated":true}]}}