{"id":41,"date":"2016-09-26T12:30:26","date_gmt":"2016-09-26T10:30:26","guid":{"rendered":"http:\/\/www.goldenfamily.de\/?page_id=41"},"modified":"2016-09-26T12:30:31","modified_gmt":"2016-09-26T10:30:31","slug":"lotte","status":"publish","type":"page","link":"https:\/\/goldenfamily.de\/index.php\/unsere-golden\/lotte\/","title":{"rendered":"Lotte"},"content":{"rendered":"<h1>Arabella Dorren Figg &#8211; genannt Lotte<br>\n<noscript><img decoding=\"async\" src=\"https:\/\/www.goldenfamily.de\/wp-content\/uploads\/upload_alt\/Goldies\/lotte.jpg\"><\/noscript><img decoding=\"async\" src=\"data:image\/gif;base64,R0lGODlhAQABAIAAAAAAAP\/\/\/yH5BAEAAAAALAAAAAABAAEAAAIBRAA7\" data-src=\"https:\/\/www.goldenfamily.de\/wp-content\/uploads\/upload_alt\/Goldies\/lotte.jpg\" class=\" lazyload\"><\/h1>\n<div align=\"left\">\n<p>Sie wird liebevoll \u201ewei\u00dfer Teufel\u201c genannt. Sie ist eigentlich immer dabei, wenn Wassern\u00e4pfe umgeschmissen, M\u00fclls\u00e4cke ausger\u00e4umt oder andere Sachen kaputt gemacht werden. Sie ist eine sehr selbstsichere, gro\u00dfe, knochenstarke H\u00fcndin, was sie sicher von ihrem Papa hat. Lotte wird wie es momentan aussieht die Mama unseres dritten Wurfes.<\/p>\n<p>Lotte ist sehr intelligent. So hat sie sich schnell abgeschaut, dass es sich lohnt, Dinge die ihren ungeschickten Menschen immer wieder herunterfallen aufzuheben und ihnen wieder zu geben.<\/p>\n<p>Lotte wurde am 17. Juli 2007 geboren.<\/p>\n<p><span style=\"text-decoration: underline;\">Gesundheitsergebnisse:<\/span><br>\n&#8211; BVA 4:4 ( HD-A)<br>\n&#8211; ED 0-0<br>\n&#8211; Augen frei<\/p>\n<p>Vater ist Pluri. Ch. Marybel Fashion Guy<\/p>\n<p>Mutter ist Marybel The Way<\/p>\n<\/div>\n","protected":false},"excerpt":{"rendered":"<p>Arabella Dorren Figg &#8211; genannt Lotte Sie wird liebevoll \u201ewei\u00dfer Teufel\u201c genannt. Sie ist eigentlich immer dabei, wenn Wassern\u00e4pfe umgeschmissen, M\u00fclls\u00e4cke ausger\u00e4umt oder andere Sachen kaputt gemacht werden. Sie ist eine sehr selbstsichere, gro\u00dfe, knochenstarke H\u00fcndin, was sie sicher von ihrem Papa hat. Lotte wird wie es momentan aussieht die Mama unseres dritten Wurfes. Lotte [&hellip;]<\/p>\n","protected":false},"author":1,"featured_media":0,"parent":30,"menu_order":0,"comment_status":"closed","ping_status":"closed","template":"","meta":[],"_links":{"self":[{"href":"https:\/\/goldenfamily.de\/index.php\/wp-json\/wp\/v2\/pages\/41"}],"collection":[{"href":"https:\/\/goldenfamily.de\/index.php\/wp-json\/wp\/v2\/pages"}],"about":[{"href":"https:\/\/goldenfamily.de\/index.php\/wp-json\/wp\/v2\/types\/page"}],"author":[{"embeddable":true,"href":"https:\/\/goldenfamily.de\/index.php\/wp-json\/wp\/v2\/users\/1"}],"replies":[{"embeddable":true,"href":"https:\/\/goldenfamily.de\/index.php\/wp-json\/wp\/v2\/comments?post=41"}],"version-history":[{"count":1,"href":"https:\/\/goldenfamily.de\/index.php\/wp-json\/wp\/v2\/pages\/41\/revisions"}],"predecessor-version":[{"id":42,"href":"https:\/\/goldenfamily.de\/index.php\/wp-json\/wp\/v2\/pages\/41\/revisions\/42"}],"up":[{"embeddable":true,"href":"https:\/\/goldenfamily.de\/index.php\/wp-json\/wp\/v2\/pages\/30"}],"wp:attachment":[{"href":"https:\/\/goldenfamily.de\/index.php\/wp-json\/wp\/v2\/media?parent=41"}],"curies":[{"name":"wp","href":"https:\/\/api.w.org\/{rel}","templated":true}]}}